{"id":4232,"date":"2020-07-17T09:54:46","date_gmt":"2020-07-17T07:54:46","guid":{"rendered":"http:\/\/www.kp.sik.si\/?page_id=4232"},"modified":"2020-07-17T12:20:50","modified_gmt":"2020-07-17T10:20:50","slug":"leggiamo-a-quattro-zampe","status":"publish","type":"page","link":"https:\/\/ankaran.kp.sik.si\/it\/leggiamo-a-quattro-zampe\/","title":{"rendered":"Leggiamo a quattro zampe"},"content":{"rendered":"\t\t<div data-elementor-type=\"wp-page\" data-elementor-id=\"4232\" class=\"elementor elementor-4232 elementor-3267\" data-elementor-settings=\"[]\">\n\t\t\t\t\t\t\t<div class=\"elementor-section-wrap\">\n\t\t\t\t\t\t\t<section class=\"elementor-section elementor-top-section elementor-element elementor-element-fa516e6 elementor-section-boxed elementor-section-height-default elementor-section-height-default\" data-id=\"fa516e6\" data-element_type=\"section\">\n\t\t\t\t\t\t<div class=\"elementor-container elementor-column-gap-default\">\n\t\t\t\t\t<div class=\"elementor-column elementor-col-100 elementor-top-column elementor-element elementor-element-460e9a5\" data-id=\"460e9a5\" data-element_type=\"column\">\n\t\t\t<div class=\"elementor-widget-wrap elementor-element-populated\">\n\t\t\t\t\t\t\t\t<div class=\"elementor-element elementor-element-9a82f59 elementor-widget elementor-widget-text-editor\" data-id=\"9a82f59\" data-element_type=\"widget\" data-widget_type=\"text-editor.default\">\n\t\t\t\t<div class=\"elementor-widget-container\">\n\t\t\t\t\t\t\t<div class=\"wpb_text_column wpb_content_element \"><div class=\"wpb_wrapper\"><p><span style=\"font-family: times new roman, times, serif; font-size: 14pt;\">ReadingEducationAssistanceDogs \u00e8 un programma iscritto al IntermountainTherapyAnimals USA ed \u00e8 un programma unico nel suo genere che aiuta i bambini a migliorare le abilit\u00e0 di alfabetizzazione e di comunicazione utilizzando un metodo specifico: il bambino legge al cane. Il cane che fa parte del programma R.E.A.D.\u00ae \u00e8 un cane terapeutico e addestrato ad ascoltare i bambini che leggono e che insieme al proprio padrone visita le scuole, le biblioteche e le altre istituzioni.<\/span><\/p><\/div><\/div>\t\t\t\t\t\t<\/div>\n\t\t\t\t<\/div>\n\t\t\t\t\t<\/div>\n\t\t<\/div>\n\t\t\t\t\t\t\t<\/div>\n\t\t<\/section>\n\t\t\t\t<section class=\"elementor-section elementor-top-section elementor-element elementor-element-03c3dcb elementor-section-boxed elementor-section-height-default elementor-section-height-default\" data-id=\"03c3dcb\" data-element_type=\"section\">\n\t\t\t\t\t\t<div class=\"elementor-container elementor-column-gap-default\">\n\t\t\t\t\t<div class=\"elementor-column elementor-col-50 elementor-top-column elementor-element elementor-element-a056042\" data-id=\"a056042\" data-element_type=\"column\">\n\t\t\t<div class=\"elementor-widget-wrap elementor-element-populated\">\n\t\t\t\t\t\t\t\t<div class=\"elementor-element elementor-element-4aaf14d elementor-widget elementor-widget-image\" data-id=\"4aaf14d\" data-element_type=\"widget\" data-widget_type=\"image.default\">\n\t\t\t\t<div class=\"elementor-widget-container\">\n\t\t\t\t\t\t\t\t\t\t\t\t\t\t\t\t<a href=\"https:\/\/www.tackepomagacke.si\/terapevtski_programi\/beremo_s_tackami_read\/\">\n\t\t\t\t\t\t\t<img width=\"240\" height=\"240\" src=\"https:\/\/ankaran.kp.sik.si\/wp-content\/uploads\/2020\/07\/c7a3fcdf1f8fdd8c2e3654d9a5cbc6a0_Generic.jpg\" class=\"attachment-large size-large\" alt=\"\" loading=\"lazy\" srcset=\"https:\/\/ankaran.kp.sik.si\/wp-content\/uploads\/2020\/07\/c7a3fcdf1f8fdd8c2e3654d9a5cbc6a0_Generic.jpg 240w, https:\/\/ankaran.kp.sik.si\/wp-content\/uploads\/2020\/07\/c7a3fcdf1f8fdd8c2e3654d9a5cbc6a0_Generic-150x150.jpg 150w\" sizes=\"(max-width: 240px) 100vw, 240px\" \/>\t\t\t\t\t\t\t\t<\/a>\n\t\t\t\t\t\t\t\t\t\t\t\t\t\t\t<\/div>\n\t\t\t\t<\/div>\n\t\t\t\t\t<\/div>\n\t\t<\/div>\n\t\t\t\t<div class=\"elementor-column elementor-col-50 elementor-top-column elementor-element elementor-element-0128293\" data-id=\"0128293\" data-element_type=\"column\">\n\t\t\t<div class=\"elementor-widget-wrap elementor-element-populated\">\n\t\t\t\t\t\t\t\t<div class=\"elementor-element elementor-element-f9cd114 elementor-widget elementor-widget-image\" data-id=\"f9cd114\" data-element_type=\"widget\" data-widget_type=\"image.default\">\n\t\t\t\t<div class=\"elementor-widget-container\">\n\t\t\t\t\t\t\t\t\t\t\t\t\t\t\t<img width=\"730\" height=\"486\" src=\"https:\/\/ankaran.kp.sik.si\/wp-content\/uploads\/2020\/07\/a.jpeg\" class=\"attachment-large size-large\" alt=\"\" loading=\"lazy\" srcset=\"https:\/\/ankaran.kp.sik.si\/wp-content\/uploads\/2020\/07\/a.jpeg 800w, https:\/\/ankaran.kp.sik.si\/wp-content\/uploads\/2020\/07\/a-300x200.jpeg 300w, https:\/\/ankaran.kp.sik.si\/wp-content\/uploads\/2020\/07\/a-768x512.jpeg 768w, https:\/\/ankaran.kp.sik.si\/wp-content\/uploads\/2020\/07\/a-600x400.jpeg 600w\" sizes=\"(max-width: 730px) 100vw, 730px\" \/>\t\t\t\t\t\t\t\t\t\t\t\t\t\t\t<\/div>\n\t\t\t\t<\/div>\n\t\t\t\t\t<\/div>\n\t\t<\/div>\n\t\t\t\t\t\t\t<\/div>\n\t\t<\/section>\n\t\t\t\t\t\t<\/div>\n\t\t\t\t\t<\/div>\n\t\t","protected":false},"excerpt":{"rendered":"<p>ReadingEducationAssistanceDogs \u00e8 un programma iscritto al IntermountainTherapyAnimals USA ed \u00e8 un programma unico nel suo genere che aiuta i bambini a migliorare le abilit\u00e0 di alfabetizzazione e di comunicazione utilizzando [&hellip;]<\/p>\n","protected":false},"author":4,"featured_media":3369,"parent":0,"menu_order":0,"comment_status":"closed","ping_status":"closed","template":"","meta":[],"acf":[],"_links":{"self":[{"href":"https:\/\/ankaran.kp.sik.si\/it\/wp-json\/wp\/v2\/pages\/4232"}],"collection":[{"href":"https:\/\/ankaran.kp.sik.si\/it\/wp-json\/wp\/v2\/pages"}],"about":[{"href":"https:\/\/ankaran.kp.sik.si\/it\/wp-json\/wp\/v2\/types\/page"}],"author":[{"embeddable":true,"href":"https:\/\/ankaran.kp.sik.si\/it\/wp-json\/wp\/v2\/users\/4"}],"replies":[{"embeddable":true,"href":"https:\/\/ankaran.kp.sik.si\/it\/wp-json\/wp\/v2\/comments?post=4232"}],"version-history":[{"count":3,"href":"https:\/\/ankaran.kp.sik.si\/it\/wp-json\/wp\/v2\/pages\/4232\/revisions"}],"predecessor-version":[{"id":4468,"href":"https:\/\/ankaran.kp.sik.si\/it\/wp-json\/wp\/v2\/pages\/4232\/revisions\/4468"}],"wp:featuredmedia":[{"embeddable":true,"href":"https:\/\/ankaran.kp.sik.si\/it\/wp-json\/wp\/v2\/media\/3369"}],"wp:attachment":[{"href":"https:\/\/ankaran.kp.sik.si\/it\/wp-json\/wp\/v2\/media?parent=4232"}],"curies":[{"name":"wp","href":"https:\/\/api.w.org\/{rel}","templated":true}]}}